{"id":779,"date":"2025-11-27T13:48:21","date_gmt":"2025-11-27T12:48:21","guid":{"rendered":"http:\/\/bajki.etnomuzeum.pl\/?page_id=779"},"modified":"2025-11-27T17:07:57","modified_gmt":"2025-11-27T16:07:57","slug":"literatura2e","status":"publish","type":"page","link":"http:\/\/bajki.etnomuzeum.pl\/?page_id=779&lang=en","title":{"rendered":"Literatura2E"},"content":{"rendered":"[vc_row type=&#8221;full_width_content&#8221; full_screen_row_position=&#8221;middle&#8221; column_margin=&#8221;default&#8221; column_direction=&#8221;default&#8221; column_direction_tablet=&#8221;default&#8221; column_direction_phone=&#8221;default&#8221; bg_image=&#8221;534&#8243; bg_position=&#8221;center center&#8221; background_image_loading=&#8221;default&#8221; bg_repeat=&#8221;no-repeat&#8221; scene_position=&#8221;center&#8221; bottom_padding=&#8221;540&#8243; text_color=&#8221;dark&#8221; text_align=&#8221;left&#8221; row_border_radius=&#8221;none&#8221; row_border_radius_applies=&#8221;bg&#8221; overflow=&#8221;visible&#8221; overlay_strength=&#8221;0.3&#8243; gradient_direction=&#8221;left_to_right&#8221; shape_divider_position=&#8221;bottom&#8221; bg_image_animation=&#8221;none&#8221; gradient_type=&#8221;default&#8221; shape_type=&#8221;&#8221;][vc_column column_padding=&#8221;no-extra-padding&#8221; column_padding_tablet=&#8221;inherit&#8221; column_padding_phone=&#8221;inherit&#8221; column_padding_position=&#8221;all&#8221; column_element_direction_desktop=&#8221;default&#8221; column_element_spacing=&#8221;default&#8221; desktop_text_alignment=&#8221;default&#8221; tablet_text_alignment=&#8221;default&#8221; phone_text_alignment=&#8221;default&#8221; background_color_opacity=&#8221;1&#8243; background_hover_color_opacity=&#8221;1&#8243; column_backdrop_filter=&#8221;none&#8221; column_shadow=&#8221;none&#8221; column_border_radius=&#8221;none&#8221; column_link_target=&#8221;_self&#8221; column_position=&#8221;default&#8221; gradient_direction=&#8221;left_to_right&#8221; overlay_strength=&#8221;0.3&#8243; width=&#8221;1\/1&#8243; tablet_width_inherit=&#8221;default&#8221; animation_type=&#8221;default&#8221; bg_image_animation=&#8221;none&#8221; border_type=&#8221;simple&#8221; column_border_width=&#8221;none&#8221; column_border_style=&#8221;solid&#8221;][\/vc_column][\/vc_row][vc_row type=&#8221;in_container&#8221; full_screen_row_position=&#8221;middle&#8221; column_margin=&#8221;default&#8221; column_direction=&#8221;default&#8221; column_direction_tablet=&#8221;default&#8221; column_direction_phone=&#8221;default&#8221; scene_position=&#8221;center&#8221; text_color=&#8221;dark&#8221; text_align=&#8221;left&#8221; row_border_radius=&#8221;none&#8221; row_border_radius_applies=&#8221;bg&#8221; overflow=&#8221;visible&#8221; overlay_strength=&#8221;0.3&#8243; gradient_direction=&#8221;left_to_right&#8221; shape_divider_position=&#8221;bottom&#8221; bg_image_animation=&#8221;none&#8221; gradient_type=&#8221;default&#8221; shape_type=&#8221;&#8221;][vc_column column_padding=&#8221;padding-10-percent&#8221; column_padding_tablet=&#8221;inherit&#8221; column_padding_phone=&#8221;inherit&#8221; column_padding_position=&#8221;left-right&#8221; column_element_direction_desktop=&#8221;default&#8221; column_element_spacing=&#8221;default&#8221; desktop_text_alignment=&#8221;default&#8221; tablet_text_alignment=&#8221;default&#8221; phone_text_alignment=&#8221;default&#8221; background_color_opacity=&#8221;1&#8243; background_hover_color_opacity=&#8221;1&#8243; column_backdrop_filter=&#8221;none&#8221; column_shadow=&#8221;none&#8221; column_border_radius=&#8221;none&#8221; column_link_target=&#8221;_self&#8221; column_position=&#8221;default&#8221; gradient_direction=&#8221;left_to_right&#8221; overlay_strength=&#8221;0.3&#8243; width=&#8221;1\/1&#8243; tablet_width_inherit=&#8221;default&#8221; animation_type=&#8221;default&#8221; bg_image_animation=&#8221;none&#8221; border_type=&#8221;simple&#8221; column_border_width=&#8221;none&#8221; column_border_style=&#8221;solid&#8221; column_padding_type=&#8221;default&#8221; gradient_type=&#8221;default&#8221;][divider line_type=&#8221;No Line&#8221; custom_height=&#8221;50&#8243;][vc_column_text css=&#8221;&#8221; text_direction=&#8221;default&#8221;]\n<h3 class=\"p1\" style=\"text-align: center;\"><span class=\"s1\"><span style=\"color: #ff0000;\">Literature<\/span><\/span><\/h3>\n[\/vc_column_text][divider line_type=&#8221;No Line&#8221; custom_height=&#8221;25&#8243;][vc_column_text css=&#8221;&#8221; text_direction=&#8221;default&#8221;]\n<p class=\"p1\"><i>Bajki dla odwa\u017cnych<\/i>, selection, editing, preface\u00a0H.M. \u0141opaty\u0144ska, Toru\u0144 2013.<\/p>\n<p class=\"p1\">Fryczowa M., <i>Kujawska bajka ludowa<\/i>, \u201eLiteratura Ludowa\u201d 1963, nr 2\u20133.<\/p>\n<p class=\"p1\">Go\u0142\u0119biowska-Suchorska A., <i>Bajka ludowa na Kujawach<\/i>, [an entry in:] <i>S\u0142ownik polskiej bajki ludowej<\/i>, t. 1,<br \/>\nred. V. Wr\u00f3blewska, Toru\u0144 2018.<\/p>\n<p class=\"p1\">Karpi\u0144ska-J\u00f3\u017awiak K., <i>Bajki ludowe Feliksa Paczkowskiego z W\u0142oc\u0142awka<\/i>,<br \/>\n\u201eMateria\u0142y Muzeum Etnograficznego w Toruniu\u201d 2011, nr 2.<\/p>\n<p class=\"p1\">Kasprowicz J., <i>Bajki, klechdy, ba\u015bnie<\/i>, Lw\u00f3w 1922.<\/p>\n<p class=\"p1\">Kolberg O., <i>Dzie\u0142a wszystkie<\/i>, t. 3, <i>Kujawy<\/i>, cz. 1, Wroc\u0142aw 1962.<\/p>\n<p class=\"p1\">Kolberg O., <i>Dzie\u0142a wszystkie<\/i>, t. 4, <i>Kujawy<\/i>, cz. 2, Wroc\u0142aw 1962.<\/p>\n<p class=\"p1\">Lange R., Pawlak A., Krzy\u017caniak B., <i>Folklor Kujaw<\/i>, Pozna\u0144 2001.<\/p>\n<p class=\"p1\">\u0141ukaszewicz A.B., <i>Kujawskie legendy, gaw\u0119dy i gadki<\/i>, t. 1., Wroc\u0142aw 2012.<\/p>\n<p class=\"p1\">Mas\u0142owski K., <i>Zarys etnografii Kujaw<\/i>, W\u0142oc\u0142awek 1935.<\/p>\n<p class=\"p1\">Szulczewski J. W., <i>Opowiadania kujawskie<\/i>, \u201eLiteratura Ludowa\u201d 1963, nr 2\u20133.<\/p>\n<p class=\"p1\">W\u00f3jcicki K.W., <i>Klechdy, staro\u017cytne podania i powie\u015bci ludu polskiego i Rusi<\/i>, Warszawa 1837.<\/p>\n<p class=\"p1\">Wr\u00f3blewska V., <i>Bajka ludowa na Kujawach. Antologia tekst\u00f3w z lat 1955\u20131966<\/i>, Toru\u0144 2022.<\/p>\n[\/vc_column_text][divider line_type=&#8221;No Line&#8221; custom_height=&#8221;25&#8243;][image_with_animation image_url=&#8221;712&#8243; image_size=&#8221;full&#8221; max_width=&#8221;75%&#8221; max_width_mobile=&#8221;default&#8221; animation_type=&#8221;entrance&#8221; animation=&#8221;None&#8221; animation_movement_type=&#8221;transform_y&#8221; hover_animation=&#8221;none&#8221; alignment=&#8221;center&#8221; border_radius=&#8221;none&#8221; box_shadow=&#8221;none&#8221; image_loading=&#8221;default&#8221;][divider line_type=&#8221;No Line&#8221; custom_height=&#8221;25&#8243;][\/vc_column][\/vc_row]\n","protected":false},"excerpt":{"rendered":"<p>[vc_row type=&#8221;full_width_content&#8221; full_screen_row_position=&#8221;middle&#8221; column_margin=&#8221;default&#8221; column_direction=&#8221;default&#8221; column_direction_tablet=&#8221;default&#8221; column_direction_phone=&#8221;default&#8221; bg_image=&#8221;534&#8243; bg_position=&#8221;center center&#8221; background_image_loading=&#8221;default&#8221; bg_repeat=&#8221;no-repeat&#8221; scene_position=&#8221;center&#8221; bottom_padding=&#8221;540&#8243; text_color=&#8221;dark&#8221; text_align=&#8221;left&#8221; row_border_radius=&#8221;none&#8221; row_border_radius_applies=&#8221;bg&#8221; overflow=&#8221;visible&#8221; overlay_strength=&#8221;0.3&#8243; gradient_direction=&#8221;left_to_right&#8221; shape_divider_position=&#8221;bottom&#8221; bg_image_animation=&#8221;none&#8221; gradient_type=&#8221;default&#8221; shape_type=&#8221;&#8221;][vc_column column_padding=&#8221;no-extra-padding&#8221; column_padding_tablet=&#8221;inherit&#8221; column_padding_phone=&#8221;inherit&#8221; column_padding_position=&#8221;all&#8221; column_element_direction_desktop=&#8221;default&#8221;&#8230;<\/p>\n","protected":false},"author":1,"featured_media":0,"parent":0,"menu_order":0,"comment_status":"closed","ping_status":"closed","template":"","meta":{"footnotes":""},"class_list":["post-779","page","type-page","status-publish"],"_links":{"self":[{"href":"http:\/\/bajki.etnomuzeum.pl\/index.php?rest_route=\/wp\/v2\/pages\/779","targetHints":{"allow":["GET"]}}],"collection":[{"href":"http:\/\/bajki.etnomuzeum.pl\/index.php?rest_route=\/wp\/v2\/pages"}],"about":[{"href":"http:\/\/bajki.etnomuzeum.pl\/index.php?rest_route=\/wp\/v2\/types\/page"}],"author":[{"embeddable":true,"href":"http:\/\/bajki.etnomuzeum.pl\/index.php?rest_route=\/wp\/v2\/users\/1"}],"replies":[{"embeddable":true,"href":"http:\/\/bajki.etnomuzeum.pl\/index.php?rest_route=%2Fwp%2Fv2%2Fcomments&post=779"}],"version-history":[{"count":3,"href":"http:\/\/bajki.etnomuzeum.pl\/index.php?rest_route=\/wp\/v2\/pages\/779\/revisions"}],"predecessor-version":[{"id":834,"href":"http:\/\/bajki.etnomuzeum.pl\/index.php?rest_route=\/wp\/v2\/pages\/779\/revisions\/834"}],"wp:attachment":[{"href":"http:\/\/bajki.etnomuzeum.pl\/index.php?rest_route=%2Fwp%2Fv2%2Fmedia&parent=779"}],"curies":[{"name":"wp","href":"https:\/\/api.w.org\/{rel}","templated":true}]}}