{"id":395,"date":"2025-11-22T19:54:40","date_gmt":"2025-11-22T18:54:40","guid":{"rendered":"http:\/\/bajki.etnomuzeum.pl\/?page_id=395"},"modified":"2025-11-27T11:24:08","modified_gmt":"2025-11-27T10:24:08","slug":"dzielnychlopiec","status":"publish","type":"page","link":"http:\/\/bajki.etnomuzeum.pl\/?page_id=395","title":{"rendered":"dzielnyChlopiec"},"content":{"rendered":"[vc_row type=&#8221;full_width_content&#8221; full_screen_row_position=&#8221;middle&#8221; column_margin=&#8221;default&#8221; column_direction=&#8221;default&#8221; column_direction_tablet=&#8221;default&#8221; column_direction_phone=&#8221;default&#8221; bg_image=&#8221;358&#8243; bg_position=&#8221;center center&#8221; background_image_loading=&#8221;default&#8221; bg_repeat=&#8221;no-repeat&#8221; scene_position=&#8221;center&#8221; bottom_padding=&#8221;540&#8243; text_color=&#8221;dark&#8221; text_align=&#8221;left&#8221; row_border_radius=&#8221;none&#8221; row_border_radius_applies=&#8221;bg&#8221; overflow=&#8221;visible&#8221; overlay_strength=&#8221;0.3&#8243; gradient_direction=&#8221;left_to_right&#8221; shape_divider_position=&#8221;bottom&#8221; bg_image_animation=&#8221;none&#8221; gradient_type=&#8221;default&#8221; shape_type=&#8221;&#8221;][vc_column column_padding=&#8221;no-extra-padding&#8221; column_padding_tablet=&#8221;inherit&#8221; column_padding_phone=&#8221;inherit&#8221; column_padding_position=&#8221;all&#8221; column_element_direction_desktop=&#8221;default&#8221; column_element_spacing=&#8221;default&#8221; desktop_text_alignment=&#8221;default&#8221; tablet_text_alignment=&#8221;default&#8221; phone_text_alignment=&#8221;default&#8221; background_color_opacity=&#8221;1&#8243; background_hover_color_opacity=&#8221;1&#8243; column_backdrop_filter=&#8221;none&#8221; column_shadow=&#8221;none&#8221; column_border_radius=&#8221;none&#8221; column_link_target=&#8221;_self&#8221; column_position=&#8221;default&#8221; gradient_direction=&#8221;left_to_right&#8221; overlay_strength=&#8221;0.3&#8243; width=&#8221;1\/1&#8243; tablet_width_inherit=&#8221;default&#8221; animation_type=&#8221;default&#8221; bg_image_animation=&#8221;none&#8221; border_type=&#8221;simple&#8221; column_border_width=&#8221;none&#8221; column_border_style=&#8221;solid&#8221;][\/vc_column][\/vc_row][vc_row type=&#8221;in_container&#8221; full_screen_row_position=&#8221;middle&#8221; column_margin=&#8221;default&#8221; column_direction=&#8221;default&#8221; column_direction_tablet=&#8221;default&#8221; column_direction_phone=&#8221;default&#8221; scene_position=&#8221;center&#8221; text_color=&#8221;dark&#8221; text_align=&#8221;left&#8221; row_border_radius=&#8221;none&#8221; row_border_radius_applies=&#8221;bg&#8221; overflow=&#8221;visible&#8221; overlay_strength=&#8221;0.3&#8243; gradient_direction=&#8221;left_to_right&#8221; shape_divider_position=&#8221;bottom&#8221; bg_image_animation=&#8221;none&#8221; gradient_type=&#8221;default&#8221; shape_type=&#8221;&#8221;][vc_column column_padding=&#8221;padding-10-percent&#8221; column_padding_tablet=&#8221;inherit&#8221; column_padding_phone=&#8221;inherit&#8221; column_padding_position=&#8221;left-right&#8221; column_element_direction_desktop=&#8221;default&#8221; column_element_spacing=&#8221;default&#8221; desktop_text_alignment=&#8221;default&#8221; tablet_text_alignment=&#8221;default&#8221; phone_text_alignment=&#8221;default&#8221; background_color_opacity=&#8221;1&#8243; background_hover_color_opacity=&#8221;1&#8243; column_backdrop_filter=&#8221;none&#8221; column_shadow=&#8221;none&#8221; column_border_radius=&#8221;none&#8221; column_link_target=&#8221;_self&#8221; column_position=&#8221;default&#8221; gradient_direction=&#8221;left_to_right&#8221; overlay_strength=&#8221;0.3&#8243; width=&#8221;1\/1&#8243; tablet_width_inherit=&#8221;default&#8221; animation_type=&#8221;default&#8221; bg_image_animation=&#8221;none&#8221; border_type=&#8221;simple&#8221; column_border_width=&#8221;none&#8221; column_border_style=&#8221;solid&#8221; column_padding_type=&#8221;default&#8221; gradient_type=&#8221;default&#8221;][divider line_type=&#8221;No Line&#8221; custom_height=&#8221;50&#8243;][vc_column_text css=&#8221;&#8221; text_direction=&#8221;default&#8221;]\n<h3 class=\"p1\" style=\"text-align: center;\"><span style=\"color: #ff0000;\">O dzielnym ch\u0142opcu<\/span><\/h3>\n[\/vc_column_text][divider line_type=&#8221;No Line&#8221; custom_height=&#8221;25&#8243;][vc_column_text css=&#8221;&#8221; text_direction=&#8221;default&#8221;]\n<p class=\"p1\"><span class=\"s1\">B<\/span>y\u0142o to bardzo dawno temu.<\/p>\n<p class=\"p1\">Pewnego razu, przez g\u00f3ry, lasy i rzeki szed\u0142 sobie biedny m\u0142odzieniec szuka\u0107 pracy. Szed\u0142 tak i szed\u0142, <span class=\"s2\">a\u017c doszed\u0142 do wielkiego boru. Naraz us\u0142ysza\u0142 g\u0142os<\/span> cz\u0142owieka wo\u0142aj\u0105cego o pomoc. Podbieg\u0142 w te p\u0119dy i zobaczy\u0142 wilka szarpi\u0105cego cz\u0142eka starego. Ch\u0142opak chwyci\u0142 polano, zapali\u0142 je i uda\u0142o mu si\u0119 zwierza przegna\u0107. Starzec rzek\u0142:<\/p>\n<p class=\"p1\">\u2212 M\u0142odzie\u0144cze dzielny, dzi\u0119kuj\u0119 ci po tysi\u0105ckro\u0107 za ocalenie mi \u017cycia! Niczym nie mog\u0119 ci\u0119 wynagrodzi\u0107, bo nic nie mam. Obiecuj\u0119 ci za to, \u017ce ile razy b\u0119dziesz w potrzebie i pomy\u015blisz o mnie, tyle razy ci pomog\u0119.<\/p>\n<p class=\"p1\">Po\u017cegnali si\u0119 i rozeszli ka\u017cdy w swoj\u0105 stron\u0119. Ch\u0142opak szed\u0142 dalej, a\u017c zaszed\u0142 do wielkiego miasta. A tu\u2026 a\u017c czarno od chor\u0105gwi \u017ca\u0142obnych! Co to mo\u017ce by\u0107? Wszed\u0142 do karczmy, tam poprosi\u0142 ludzi o wyja\u015bnienia. Ci powiadaj\u0105:<\/p>\n<p class=\"p1\">\u2212 Szesna\u015bcie lat temu urodzi\u0142a si\u0119 ksi\u0119\u017cnej pani c\u00f3rka, ale jaka\u015b taka okropna. Silna taka, z\u0119by mia\u0142a na wierzchu i zaraz zacz\u0119\u0142a m\u00f3wi\u0107! To strzyga by\u0142a\u2026<\/p>\n<p class=\"p1\"><span class=\"Apple-tab-span\"> <\/span>Kr\u00f3l kupi\u0142 trumn\u0119 i \u017cyw\u0105 strzyg\u0119 pochowa\u0142. A ona, ona \u017c\u0105da, \u017ceby co dzie\u0144 przyprowadza\u0107 cz\u0142owieka do po\u017carcia. Jakby ojciec jej nikogo nie da\u0142, to w nocy wyjdzie i wszystkich rozszarpie! I tak co dzie\u0144, od szesnastu lat, kolejny cz\u0142owiek szed\u0142 na zatracenie. Najprz\u00f3d wi\u0119\u017aniowie do\u017cywotni, potem coraz to nowi ludzie. Ju\u017c mieszka\u0144c\u00f3w braknie, przysz\u0142a kolej chyba i na samego kr\u00f3la! Rozpacz, zgroza, pod\u0142o\u015b\u0107 i strach panowa\u0142y w mie\u015bcie, a kr\u00f3l og\u0142osi\u0142, \u017ce ktokolwiek cho\u0107 na jeden dzie\u0144 go zast\u0105pi, to jego rodzina dostanie<br \/>\nw nagrod\u0119 karczm\u0119 i pa\u0142ac.<\/p>\n<p class=\"p1\"><span class=\"Apple-tab-span\"> <\/span>Opowiadaj\u0105cy zamilkli, a ch\u0142opiec rzek\u0142:<\/p>\n<p class=\"p1\"><span class=\"Apple-tab-span\"> <\/span>\u2212 Prosz\u0119 mnie do kr\u00f3la zaprowadzi\u0107.<\/p>\n<p class=\"p1\"><span class=\"Apple-tab-span\"> <\/span>Kiedy ju\u017c byli na miejscu, ch\u0142opiec powiedzia\u0142:<\/p>\n<p class=\"p1\"><span class=\"Apple-tab-span\"> <\/span>\u2212 Ja dzi\u015b p\u00f3jd\u0119 za ciebie, kr\u00f3lu!<\/p>\n<p class=\"p1\"><span class=\"Apple-tab-span\"> <\/span>Na to kr\u00f3l:<\/p>\n<p class=\"p1\"><span class=\"Apple-tab-span\"> <\/span>\u2212 Ch\u0142opcze, wiedz, \u017ce zginiesz, jak tysi\u0105ce innych. Powiedz cho\u0107, gdzie twoja rodzina, to ich wynagrodz\u0119 sowicie za twe \u017cycie.<\/p>\n<p class=\"p1\"><span class=\"Apple-tab-span\"> <\/span>\u2212 Ja sam jestem i sam nagrod\u0119 chc\u0119 otrzyma\u0107.<\/p>\n<p class=\"p1\"><span class=\"Apple-tab-span\"> <\/span>Kr\u00f3l popatrzy\u0142 na ch\u0142opca z zadowoleniem i rozkaza\u0142 go do ko\u015bcio\u0142a zaprowadzi\u0107, gdzie znajdowa\u0142 si\u0119 grobowiec strzygi. Wie\u015b\u0107 o \u015bmia\u0142ku szybko rozesz\u0142a si\u0119 i ludzie odprowadzili m\u0142odzie\u0144ca na miejsce, szepc\u0105c:<\/p>\n<p class=\"p1\"><span class=\"Apple-tab-span\"> <\/span>\u2212 Jaki odwa\u017cny m\u0142odzian!<\/p>\n<p class=\"p1\"><span class=\"Apple-tab-span\"> <\/span>\u2212 Biedak\u2026<\/p>\n<p class=\"p1\"><span class=\"Apple-tab-span\"> <\/span>\u2212 On chce pokona\u0107 strzyg\u0119\u2026<\/p>\n<p class=\"p1\"><span class=\"Apple-tab-span\"> <\/span>Wpuszczono ch\u0142opca do ko\u015bcio\u0142a, zamkni\u0119to za nim wrota. Ch\u0142opak zosta\u0142 sam. Siedz\u0105c tak w \u0142awce przypomnia\u0142 sobie starca i jego rad\u0119. Zaraz te\u017c us\u0142ysza\u0142 jaki\u015b g\u0142os cudzy w sobie m\u00f3wi\u0105cy:<\/p>\n<p class=\"p1\"><span class=\"Apple-tab-span\"> <\/span>\u2212 Schowaj si\u0119, ch\u0142opcze, za o\u0142tarz, gdzie le\u017c\u0105 ko\u015bci ludzkie, co strzyga pozostawia po po\u017carciu cz\u0142owieka. Wejd\u017a pod nie, na sam sp\u00f3d i sied\u017a tam do samego ko\u0144ca, pami\u0119taj, cokolwiek si\u0119 dzia\u0107 b\u0119dzie \u2212 nie wychod\u017a!<\/p>\n<p class=\"p1\"><span class=\"Apple-tab-span\"> <\/span>I tak si\u0119 sta\u0142o. Kiedy o p\u00f3\u0142nocy strzyga wylecia\u0142a, ch\u0142opak by\u0142 skryty pod ko\u015b\u0107mi. Ona rycza\u0142a, a\u017c si\u0119 ko\u015bci\u00f3\u0142 trz\u0105s\u0142, biega\u0142a i szuka\u0142a go krzycz\u0105c:<\/p>\n<p class=\"p1\"><span class=\"Apple-tab-span\"> <\/span>\u2212 Wyjd\u017a, cz\u0142owieku, czuj\u0119 \u015bwie\u017ce mi\u0119so! Jak nie wyjdziesz, to b\u0119d\u0119 ci\u0119 d\u0142ugo m\u0119czy\u0107 po schwytaniu, a nie po\u017cr\u0119 od razu!<\/p>\n<p class=\"p1\"><span class=\"Apple-tab-span\"> <\/span>Wrzeszcza\u0142a tak, w\u0119szy\u0142a i szuka\u0142a, ale nie mog\u0142a go odnale\u017a\u0107, bo resztki ludzkie zapach maskowa\u0142y\u2026 A m\u0142odzieniec struchla\u0142y siedzia\u0142 w swej kryj\u00f3wce. Tymczasem strzyga polecia\u0142a za o\u0142tarz i tam wyj\u0105c z g\u0142odu pocz\u0119\u0142a ogryza\u0107 i wysysa\u0107 le\u017c\u0105ce ko\u015bci. Ju\u017c ju\u017c malutka g\u00f3reczka ko\u015bci by\u0142a, ju\u017c prawie schwyta\u0142a ukrytego \u015bmia\u0142ka, kiedy kur zapia\u0142 i musia\u0142a strzyga do swej trumny g\u0142odna wr\u00f3ci\u0107.<\/p>\n<p class=\"p1\"><span class=\"Apple-tab-span\"> <\/span>Rano ludzie czekali pod ko\u015bcio\u0142em, niepewni los\u00f3w ch\u0142opca. Kiedy okaza\u0142o si\u0119, \u017ce zuch prze\u017cy\u0142, zdumieli si\u0119 i z rado\u015bci zanie\u015bli go na r\u0119kach do pa\u0142acu. Na jego cze\u015b\u0107 kr\u00f3l wyda\u0142 nawet uczt\u0119 dla ca\u0142ego miasta!<\/p>\n<p class=\"p1\"><span class=\"Apple-tab-span\"> <\/span>Ale nie by\u0142 to przecie\u017c koniec: dzielny m\u0142odzian mia\u0142 przed sob\u0105 jeszcze dwie noce w s\u0105siedztwie strzygi.<\/p>\n<p class=\"p1\"><span class=\"Apple-tab-span\"> <\/span>Na drugi dzie\u0144 do ko\u015bcio\u0142a \u015bmia\u0142ek zosta\u0142 odwieziony karet\u0105. Odprowadzaj\u0105cy go ludzie byli weseli i pe\u0142ni nadziei na przysz\u0142o\u015b\u0107.<\/p>\n<p class=\"p1\"><span class=\"Apple-tab-span\"> <\/span>Tak samo jak i poprzednio, ch\u0142opak wspomnia\u0142 starca, kt\u00f3rego ocali\u0142. A tu jakby mu co\u015b szepta\u0142o:<\/p>\n<p class=\"p1\"><span class=\"Apple-tab-span\"> <\/span>\u2212 Teraz we\u017a \u015bwi\u0119con\u0105 kred\u0119, \u015bwi\u0119con\u0105 wod\u0119 i wejd\u017a na ch\u00f3r.<\/p>\n[\/vc_column_text][divider line_type=&#8221;No Line&#8221; custom_height=&#8221;35&#8243;][image_with_animation image_url=&#8221;591&#8243; image_size=&#8221;full&#8221; max_width=&#8221;100%&#8221; max_width_mobile=&#8221;default&#8221; animation_type=&#8221;entrance&#8221; animation=&#8221;None&#8221; animation_movement_type=&#8221;transform_y&#8221; hover_animation=&#8221;none&#8221; alignment=&#8221;&#8221; border_radius=&#8221;none&#8221; box_shadow=&#8221;none&#8221; image_loading=&#8221;default&#8221;][divider line_type=&#8221;No Line&#8221; custom_height=&#8221;35&#8243;][vc_column_text css=&#8221;&#8221; text_direction=&#8221;default&#8221;]\n<p class=\"p1\"><span class=\"Apple-tab-span\"> <\/span>I tak te\u017c zrobi\u0142: o jedenastej poszed\u0142 schodami na ch\u00f3r, porysowa\u0142 drzwi \u015bwi\u0119con\u0105 kred\u0105 i ukry\u0142 si\u0119 ko\u0142o organ\u00f3w. Kiedy wybi\u0142a dwunasta, grobowiec otworzy\u0142 si\u0119, wylecia\u0142a strzyga. By\u0142a rozw\u015bcieczona i potwornie g\u0142odna. Natychmiast poprzewraca\u0142a \u0142awki w ko\u015bciele i pocz\u0119\u0142a si\u0119 rozgl\u0105da\u0107 za ofiar\u0105. Naraz spostrzeg\u0142a ch\u0142opca, a\u017c klasn\u0119\u0142a z rado\u015bci i zarycza\u0142a, no i w te p\u0119dy schodami na ch\u00f3r!<\/p>\n<p class=\"p1\"><span class=\"Apple-tab-span\"> <\/span>A\u017c tu nagle stan\u0119\u0142a jak wryta, bo co\u015b j\u0105 od drzwi odepchn\u0119\u0142o, a w dodatku poparzy\u0142o. Wyj\u0105c potwornie,zbieg\u0142a na d\u00f3\u0142, zacz\u0119\u0142a wyrzuca\u0107 trupy z trumien. Potem zanios\u0142a trumny pod ch\u00f3r i tam uk\u0142ada\u0107 zacz\u0119\u0142a jedn\u0105 na drug\u0105, jedn\u0105 na drug\u0105\u2026 Ju\u017c wygl\u0105da\u0142o na to, \u017ce ostatni\u0105 przyniesie, wlezie na stos i ch\u0142opaka dopadnie, kiedy on wyrwa\u0142 piszcza\u0142k\u0119 z organ\u00f3w i ca\u0142\u0105 piramid\u0119 trumien zwali\u0142 na posadzk\u0119. A co strzyga u\u0142o\u017cy\u0142a, to on zwala\u0142 na nowo. Tak czas mija\u0142, a\u017c <span class=\"s1\">w ko\u0144cu strzyga zn\u00f3w musia\u0142a g\u0142odna spocz\u0105\u0107 <\/span>w swym grobowcu.<\/p>\n<p class=\"p1\"><span class=\"Apple-tab-span\"> <\/span>Tak jak poprzedniego dnia ludzie ciekawi czekali <span class=\"s2\">pod ko\u015bcio\u0142em, a potem zabrali go do pa\u0142acu, sk\u0105d <\/span>wieczorem mia\u0142 ostatni raz i\u015b\u0107 do schronienia strzygi. Wszyscy czekali z niepokojem, bo to wiecz\u00f3r rozstrzygni\u0119\u0107 by\u0142. Albo m\u0142odzian zginie, albo wybawi ludzi od \u015bmierci. Gdy ch\u0142opak sam w ko\u015bciele zamkni\u0119tym zosta\u0142, usiad\u0142 w \u0142awce i pomy\u015bla\u0142 o starcu. Natychmiast us\u0142ysza\u0142 g\u0142os, kt\u00f3ry radzi\u0142:<\/p>\n<p class=\"p1\"><span class=\"Apple-tab-span\"> <\/span>\u2212 We\u017a kred\u0119 \u015bwi\u0119con\u0105 i skryj si\u0119 za drzwiami grobowca. Kiedy strzyga pop\u0119dzi na \u015brodek ko\u015bcio\u0142a, to ty obrysuj jej trumn\u0119 kred\u0105, wskocz do \u015brodka i wieko zawrzyj. A g\u0142uchy b\u0105d\u017a na pro\u015bby i p\u0142acze, niczego nie s\u0142uchaj i wytrwaj do samego ko\u0144ca!<\/p>\n<p class=\"p1\"><span class=\"Apple-tab-span\"> <\/span>P\u00f3\u0142noc wybi\u0142a.<\/p>\n<p class=\"p1\"><span class=\"Apple-tab-span\"> <\/span>Strzyga wylata z grobowca, wyje dziko. Rozwala \u0142awki, t\u0142ucze klosze od lamp, zrzuca obrazy. A\u017c posadzk\u0119 wykopa\u0142a ca\u0142\u0105 z g\u0142odu i ryczy\u2026 Ch\u0142opiec skorzysta\u0142 z jej nieuwagi, schowa\u0142 si\u0119 do trumny kred\u0105 obrysowawszy j\u0105 wed\u0142ug rady staruszka. A strzyga lata\u0142a zg\u0142odnia\u0142a niszcz\u0105c wszystko. Kiedy nadesz\u0142a jej godzina, wpad\u0142a do grobowca rodzinnego. Widz\u0105c, \u017ce wszystkie trumny s\u0105 zaj\u0119te, zacz\u0119\u0142a je liczy\u0107 w poszukiwaniu swojej:<\/p>\n<p class=\"p1\"><span class=\"Apple-tab-span\"> <\/span>\u2212 Raz, dwa, trzy\u2026 O rety! Co ja teraz zrobi\u0119??? Moja trumna zosta\u0142a zaj\u0119ta!<\/p>\n<p class=\"p1\"><span class=\"Apple-tab-span\"> <\/span>Zacz\u0119\u0142a p\u0142aka\u0107 \u017ca\u0142o\u015bnie, lamentowa\u0107 g\u0142osem ludzkim, niepodobnym do poprzedniego:<\/p>\n<p class=\"p1\"><span class=\"Apple-tab-span\"> <\/span>\u2212 Cz\u0142owieku z\u0142oty! Prosz\u0119 ci\u0119, b\u0142agam, wyjd\u017a! M\u00f3j ojciec jest kr\u00f3lem, da ci wszystko, czego zapragniesz, nawet koron\u0119. Tylko wyjd\u017a!<\/p>\n<p class=\"p1\"><span class=\"Apple-tab-span\"> <\/span>Zacz\u0119\u0142a biega\u0107 naoko\u0142o trumny, a ch\u0142opak siedzia\u0142 cichutko, cho\u0107 mu \u017cal jej by\u0142o. Naraz co\u015b run\u0119\u0142o na ziemi\u0119, a potem wszystko ucich\u0142o. M\u0142odzian uchyli\u0142 wieko trumny i zobaczy\u0142 le\u017c\u0105c\u0105 na pod\u0142odze pi\u0119kn\u0105 szesnastoletni\u0105 dziewczyn\u0119. Wzi\u0105\u0142 j\u0105 na r\u0119ce, bo by\u0142a omdla\u0142a, a taka \u0142adna, \u017ce a\u017c ja\u015bnia\u0142o od niej. I tak oboje w grobowcu ze zm\u0119czenia zasn\u0119li. Obudzi\u0142y ich dopiero g\u0142osy ludzi, kt\u00f3rzy weszli do ko\u015bcio\u0142a, a potem zajrzeli do grobowca. Kiedy ujrzeli pi\u0119kn\u0105 par\u0119, od razu powiedli j\u0105 do kr\u00f3la. Ten obdarowa\u0142 biednego ch\u0142opca koron\u0105 i r\u0119k\u0105 swej c\u00f3rki. Wyprawiono wielkie wesele, a chor\u0105gwie powiewa\u0142y rado\u015bnie. Bo w\u0119drowiec ocali\u0142 nie tylko mieszka\u0144c\u00f3w miasta, ale i m\u0142od\u0105 kr\u00f3lewn\u0119.<\/p>\n<p class=\"p1\"><span class=\"s3\">Bajka zapisana w 1955 roku przez Aldon\u0119 Paczkowsk\u0105 z W\u0142oc\u0142awka.<\/span><\/p>\n[\/vc_column_text][divider line_type=&#8221;No Line&#8221; custom_height=&#8221;40&#8243;][vc_row_inner column_margin=&#8221;default&#8221; column_direction=&#8221;default&#8221; column_direction_tablet=&#8221;default&#8221; column_direction_phone=&#8221;default&#8221; text_align=&#8221;left&#8221; row_position=&#8221;default&#8221; row_position_tablet=&#8221;inherit&#8221; row_position_phone=&#8221;inherit&#8221; overflow=&#8221;visible&#8221; pointer_events=&#8221;all&#8221;][vc_column_inner column_padding=&#8221;no-extra-padding&#8221; column_padding_tablet=&#8221;inherit&#8221; column_padding_phone=&#8221;inherit&#8221; column_padding_position=&#8221;all&#8221; column_element_direction_desktop=&#8221;default&#8221; column_element_spacing=&#8221;default&#8221; desktop_text_alignment=&#8221;default&#8221; tablet_text_alignment=&#8221;default&#8221; phone_text_alignment=&#8221;default&#8221; background_color_opacity=&#8221;1&#8243; background_hover_color_opacity=&#8221;1&#8243; column_backdrop_filter=&#8221;none&#8221; column_shadow=&#8221;none&#8221; column_border_radius=&#8221;none&#8221; column_link_target=&#8221;_self&#8221; overflow=&#8221;visible&#8221; gradient_direction=&#8221;left_to_right&#8221; overlay_strength=&#8221;0.3&#8243; width=&#8221;1\/3&#8243; tablet_width_inherit=&#8221;default&#8221; animation_type=&#8221;default&#8221; bg_image_animation=&#8221;none&#8221; border_type=&#8221;simple&#8221; column_border_width=&#8221;none&#8221; column_border_style=&#8221;solid&#8221;][\/vc_column_inner][vc_column_inner column_padding=&#8221;no-extra-padding&#8221; column_padding_tablet=&#8221;inherit&#8221; column_padding_phone=&#8221;inherit&#8221; column_padding_position=&#8221;all&#8221; column_element_direction_desktop=&#8221;default&#8221; column_element_spacing=&#8221;default&#8221; desktop_text_alignment=&#8221;default&#8221; tablet_text_alignment=&#8221;default&#8221; phone_text_alignment=&#8221;default&#8221; background_color_opacity=&#8221;1&#8243; background_hover_color_opacity=&#8221;1&#8243; column_backdrop_filter=&#8221;none&#8221; column_shadow=&#8221;none&#8221; column_border_radius=&#8221;none&#8221; column_link_target=&#8221;_self&#8221; overflow=&#8221;visible&#8221; gradient_direction=&#8221;left_to_right&#8221; overlay_strength=&#8221;0.3&#8243; width=&#8221;1\/3&#8243; tablet_width_inherit=&#8221;default&#8221; animation_type=&#8221;default&#8221; bg_image_animation=&#8221;none&#8221; border_type=&#8221;simple&#8221; column_border_width=&#8221;none&#8221; column_border_style=&#8221;solid&#8221;][image_with_animation image_url=&#8221;329&#8243; image_size=&#8221;full&#8221; max_width=&#8221;100%&#8221; max_width_mobile=&#8221;default&#8221; animation_type=&#8221;entrance&#8221; animation=&#8221;None&#8221; animation_movement_type=&#8221;transform_y&#8221; hover_animation=&#8221;none&#8221; alignment=&#8221;&#8221; border_radius=&#8221;none&#8221; box_shadow=&#8221;none&#8221; image_loading=&#8221;default&#8221; img_link=&#8221;?page_id=323&#8243;][\/vc_column_inner][vc_column_inner column_padding=&#8221;no-extra-padding&#8221; column_padding_tablet=&#8221;inherit&#8221; column_padding_phone=&#8221;inherit&#8221; column_padding_position=&#8221;all&#8221; column_element_direction_desktop=&#8221;default&#8221; column_element_spacing=&#8221;default&#8221; desktop_text_alignment=&#8221;default&#8221; tablet_text_alignment=&#8221;default&#8221; phone_text_alignment=&#8221;default&#8221; background_color_opacity=&#8221;1&#8243; background_hover_color_opacity=&#8221;1&#8243; column_backdrop_filter=&#8221;none&#8221; column_shadow=&#8221;none&#8221; column_border_radius=&#8221;none&#8221; column_link_target=&#8221;_self&#8221; overflow=&#8221;visible&#8221; gradient_direction=&#8221;left_to_right&#8221; overlay_strength=&#8221;0.3&#8243; width=&#8221;1\/3&#8243; tablet_width_inherit=&#8221;default&#8221; animation_type=&#8221;default&#8221; bg_image_animation=&#8221;none&#8221; border_type=&#8221;simple&#8221; column_border_width=&#8221;none&#8221; column_border_style=&#8221;solid&#8221;][\/vc_column_inner][\/vc_row_inner][divider line_type=&#8221;No Line&#8221; custom_height=&#8221;40&#8243;][\/vc_column][\/vc_row]\n","protected":false},"excerpt":{"rendered":"<p>[vc_row type=&#8221;full_width_content&#8221; full_screen_row_position=&#8221;middle&#8221; column_margin=&#8221;default&#8221; column_direction=&#8221;default&#8221; column_direction_tablet=&#8221;default&#8221; column_direction_phone=&#8221;default&#8221; bg_image=&#8221;358&#8243; bg_position=&#8221;center center&#8221; background_image_loading=&#8221;default&#8221; bg_repeat=&#8221;no-repeat&#8221; scene_position=&#8221;center&#8221; bottom_padding=&#8221;540&#8243; text_color=&#8221;dark&#8221; text_align=&#8221;left&#8221; row_border_radius=&#8221;none&#8221; row_border_radius_applies=&#8221;bg&#8221; overflow=&#8221;visible&#8221; overlay_strength=&#8221;0.3&#8243; gradient_direction=&#8221;left_to_right&#8221; shape_divider_position=&#8221;bottom&#8221; bg_image_animation=&#8221;none&#8221; gradient_type=&#8221;default&#8221; shape_type=&#8221;&#8221;][vc_column column_padding=&#8221;no-extra-padding&#8221; column_padding_tablet=&#8221;inherit&#8221; column_padding_phone=&#8221;inherit&#8221; column_padding_position=&#8221;all&#8221; column_element_direction_desktop=&#8221;default&#8221;&#8230;<\/p>\n","protected":false},"author":1,"featured_media":0,"parent":0,"menu_order":0,"comment_status":"closed","ping_status":"closed","template":"","meta":{"footnotes":""},"class_list":["post-395","page","type-page","status-publish"],"_links":{"self":[{"href":"http:\/\/bajki.etnomuzeum.pl\/index.php?rest_route=\/wp\/v2\/pages\/395","targetHints":{"allow":["GET"]}}],"collection":[{"href":"http:\/\/bajki.etnomuzeum.pl\/index.php?rest_route=\/wp\/v2\/pages"}],"about":[{"href":"http:\/\/bajki.etnomuzeum.pl\/index.php?rest_route=\/wp\/v2\/types\/page"}],"author":[{"embeddable":true,"href":"http:\/\/bajki.etnomuzeum.pl\/index.php?rest_route=\/wp\/v2\/users\/1"}],"replies":[{"embeddable":true,"href":"http:\/\/bajki.etnomuzeum.pl\/index.php?rest_route=%2Fwp%2Fv2%2Fcomments&post=395"}],"version-history":[{"count":6,"href":"http:\/\/bajki.etnomuzeum.pl\/index.php?rest_route=\/wp\/v2\/pages\/395\/revisions"}],"predecessor-version":[{"id":598,"href":"http:\/\/bajki.etnomuzeum.pl\/index.php?rest_route=\/wp\/v2\/pages\/395\/revisions\/598"}],"wp:attachment":[{"href":"http:\/\/bajki.etnomuzeum.pl\/index.php?rest_route=%2Fwp%2Fv2%2Fmedia&parent=395"}],"curies":[{"name":"wp","href":"https:\/\/api.w.org\/{rel}","templated":true}]}}