{"id":304,"date":"2025-11-21T08:00:29","date_gmt":"2025-11-21T07:00:29","guid":{"rendered":"http:\/\/bajki.etnomuzeum.pl\/?page_id=304"},"modified":"2025-11-27T11:23:43","modified_gmt":"2025-11-27T10:23:43","slug":"bajarze","status":"publish","type":"page","link":"http:\/\/bajki.etnomuzeum.pl\/?page_id=304","title":{"rendered":"bajarze"},"content":{"rendered":"[vc_row type=&#8221;full_width_content&#8221; full_screen_row_position=&#8221;middle&#8221; column_margin=&#8221;default&#8221; column_direction=&#8221;default&#8221; column_direction_tablet=&#8221;default&#8221; column_direction_phone=&#8221;default&#8221; bg_image=&#8221;308&#8243; bg_position=&#8221;center center&#8221; background_image_loading=&#8221;default&#8221; bg_repeat=&#8221;no-repeat&#8221; scene_position=&#8221;center&#8221; bottom_padding=&#8221;540&#8243; text_color=&#8221;dark&#8221; text_align=&#8221;left&#8221; row_border_radius=&#8221;none&#8221; row_border_radius_applies=&#8221;bg&#8221; overflow=&#8221;visible&#8221; overlay_strength=&#8221;0.3&#8243; gradient_direction=&#8221;left_to_right&#8221; shape_divider_position=&#8221;bottom&#8221; bg_image_animation=&#8221;none&#8221; gradient_type=&#8221;default&#8221; shape_type=&#8221;&#8221;][vc_column column_padding=&#8221;no-extra-padding&#8221; column_padding_tablet=&#8221;inherit&#8221; column_padding_phone=&#8221;inherit&#8221; column_padding_position=&#8221;all&#8221; column_element_direction_desktop=&#8221;default&#8221; column_element_spacing=&#8221;default&#8221; desktop_text_alignment=&#8221;default&#8221; tablet_text_alignment=&#8221;default&#8221; phone_text_alignment=&#8221;default&#8221; background_color_opacity=&#8221;1&#8243; background_hover_color_opacity=&#8221;1&#8243; column_backdrop_filter=&#8221;none&#8221; column_shadow=&#8221;none&#8221; column_border_radius=&#8221;none&#8221; column_link_target=&#8221;_self&#8221; column_position=&#8221;default&#8221; gradient_direction=&#8221;left_to_right&#8221; overlay_strength=&#8221;0.3&#8243; width=&#8221;1\/1&#8243; tablet_width_inherit=&#8221;default&#8221; animation_type=&#8221;default&#8221; bg_image_animation=&#8221;none&#8221; border_type=&#8221;simple&#8221; column_border_width=&#8221;none&#8221; column_border_style=&#8221;solid&#8221;][\/vc_column][\/vc_row][vc_row type=&#8221;in_container&#8221; full_screen_row_position=&#8221;middle&#8221; column_margin=&#8221;default&#8221; column_direction=&#8221;default&#8221; column_direction_tablet=&#8221;default&#8221; column_direction_phone=&#8221;default&#8221; scene_position=&#8221;center&#8221; text_color=&#8221;dark&#8221; text_align=&#8221;left&#8221; row_border_radius=&#8221;none&#8221; row_border_radius_applies=&#8221;bg&#8221; overflow=&#8221;visible&#8221; overlay_strength=&#8221;0.3&#8243; gradient_direction=&#8221;left_to_right&#8221; shape_divider_position=&#8221;bottom&#8221; bg_image_animation=&#8221;none&#8221; gradient_type=&#8221;default&#8221; shape_type=&#8221;&#8221;][vc_column column_padding=&#8221;padding-10-percent&#8221; column_padding_tablet=&#8221;inherit&#8221; column_padding_phone=&#8221;inherit&#8221; column_padding_position=&#8221;left-right&#8221; column_element_direction_desktop=&#8221;default&#8221; column_element_spacing=&#8221;default&#8221; desktop_text_alignment=&#8221;default&#8221; tablet_text_alignment=&#8221;default&#8221; phone_text_alignment=&#8221;default&#8221; background_color_opacity=&#8221;1&#8243; background_hover_color_opacity=&#8221;1&#8243; column_backdrop_filter=&#8221;none&#8221; column_shadow=&#8221;none&#8221; column_border_radius=&#8221;none&#8221; column_link_target=&#8221;_self&#8221; column_position=&#8221;default&#8221; gradient_direction=&#8221;left_to_right&#8221; overlay_strength=&#8221;0.3&#8243; width=&#8221;1\/1&#8243; tablet_width_inherit=&#8221;default&#8221; animation_type=&#8221;default&#8221; bg_image_animation=&#8221;none&#8221; border_type=&#8221;simple&#8221; column_border_width=&#8221;none&#8221; column_border_style=&#8221;solid&#8221; column_padding_type=&#8221;default&#8221; gradient_type=&#8221;default&#8221;][divider line_type=&#8221;No Line&#8221; custom_height=&#8221;50&#8243;][vc_column_text css=&#8221;&#8221; text_direction=&#8221;default&#8221;]\n<h3 class=\"p1\" style=\"text-align: center;\"><span style=\"color: #ff0000;\">Aldona i Feliks Paczkowscy<br \/>\n<span style=\"color: #808080;\">kujawscy bajarze<\/span><\/span><\/h3>\n[\/vc_column_text][divider line_type=&#8221;No Line&#8221; custom_height=&#8221;25&#8243;][vc_column_text css=&#8221;&#8221; text_direction=&#8221;default&#8221;]\n<p class=\"p1\">Bajki prezentowane na portalu <i>Ulotne tradycje<\/i> pochodz\u0105 z Archiwum Folkloru Muzeum Etnograficznego w Toruniu. Nale\u017c\u0105 do bogatego zbioru, licz\u0105cego oko\u0142o 350 bajek, poda\u0144 i legend, zebranych przez uczestnik\u00f3w konkurs\u00f3w ludoznawczych, organizowanych w latach 50. i 60. XX wieku. W\u015br\u00f3d nich byli Aldona Paczkowska, z domu Dubacka, i Feliks Paczkowski, brat jej m\u0119\u017ca \u2013 oboje z W\u0142oc\u0142awka. Cechowali si\u0119 oni doskona\u0142\u0105 pami\u0119ci\u0105, wyobra\u017ani\u0105 i zdolno\u015bciami literackimi. Wielk\u0105 ich zalet\u0119 stanowi\u0142a \u015bwiadomo\u015b\u0107 warto\u015bci, jak\u0105 mia\u0142y przekazywane z pokolenia na pokolenie tre\u015bci, i ch\u0119\u0107 ich utrwalenia. Paczkowscy trzykrotnie brali udzia\u0142 w konkursach, a za nadsy\u0142ane prace nagradzani byli przez jury. Uwa\u017cali to za wielkie wyr\u00f3\u017cnienie, a Aldona w listach do organizator\u00f3w konkurs\u00f3w nazywa\u0142a siebie \u201ebajkow\u0105 korespondentk\u0105 z W\u0142oc\u0142awka\u201d. Nie byli wykszta\u0142ceni, ale mieli wyj\u0105tkowy talent literacki. Zapisane przez nich bajki cechuje w miar\u0119 poprawny j\u0119zyk oraz doskonale zarysowane realia \u015bwiata przedstawionego, umiej\u0119tnie po\u0142\u0105czone z ba\u015bniow\u0105 fantastyk\u0105. Paczkowscy nie wymy\u015blali sami w\u0105tk\u00f3w i fabu\u0142, lecz wykorzystywali us\u0142yszane bajkowe historie i na ich podstawie tworzyli w\u0142asne dzie\u0142a.<\/p>\n[\/vc_column_text][\/vc_column][\/vc_row][vc_row type=&#8221;in_container&#8221; full_screen_row_position=&#8221;middle&#8221; column_margin=&#8221;default&#8221; column_direction=&#8221;default&#8221; column_direction_tablet=&#8221;default&#8221; column_direction_phone=&#8221;default&#8221; scene_position=&#8221;center&#8221; text_color=&#8221;dark&#8221; text_align=&#8221;left&#8221; row_border_radius=&#8221;none&#8221; row_border_radius_applies=&#8221;bg&#8221; overflow=&#8221;visible&#8221; overlay_strength=&#8221;0.3&#8243; gradient_direction=&#8221;left_to_right&#8221; shape_divider_position=&#8221;bottom&#8221; bg_image_animation=&#8221;none&#8221;][vc_column column_padding=&#8221;padding-10-percent&#8221; column_padding_tablet=&#8221;inherit&#8221; column_padding_phone=&#8221;inherit&#8221; column_padding_position=&#8221;left-right&#8221; column_element_direction_desktop=&#8221;default&#8221; column_element_spacing=&#8221;default&#8221; desktop_text_alignment=&#8221;default&#8221; tablet_text_alignment=&#8221;default&#8221; phone_text_alignment=&#8221;default&#8221; background_color_opacity=&#8221;1&#8243; background_hover_color_opacity=&#8221;1&#8243; column_backdrop_filter=&#8221;none&#8221; column_shadow=&#8221;none&#8221; column_border_radius=&#8221;none&#8221; column_link_target=&#8221;_self&#8221; column_position=&#8221;default&#8221; gradient_direction=&#8221;left_to_right&#8221; overlay_strength=&#8221;0.3&#8243; width=&#8221;1\/1&#8243; tablet_width_inherit=&#8221;default&#8221; animation_type=&#8221;default&#8221; bg_image_animation=&#8221;none&#8221; border_type=&#8221;simple&#8221; column_border_width=&#8221;none&#8221; column_border_style=&#8221;solid&#8221; column_padding_type=&#8221;default&#8221; gradient_type=&#8221;default&#8221;][vc_gallery css=&#8221;&#8221; type=&#8221;nectarslider_style&#8221; images=&#8221;480,481,482,483,484,485,486,487&#8243; image_loading=&#8221;default&#8221; ns_image_rendering=&#8221;default&#8221; ns_image_aspect_ratio=&#8221;default&#8221; disable_auto_rotate=&#8221;true&#8221; bullet_navigation_style=&#8221;see_through&#8221; onclick=&#8221;link_image&#8221; img_size=&#8221;700&#215;600&#8243;][\/vc_column][\/vc_row][vc_row type=&#8221;in_container&#8221; full_screen_row_position=&#8221;middle&#8221; column_margin=&#8221;default&#8221; column_direction=&#8221;default&#8221; column_direction_tablet=&#8221;default&#8221; column_direction_phone=&#8221;default&#8221; scene_position=&#8221;center&#8221; text_color=&#8221;dark&#8221; text_align=&#8221;left&#8221; row_border_radius=&#8221;none&#8221; row_border_radius_applies=&#8221;bg&#8221; overflow=&#8221;visible&#8221; overlay_strength=&#8221;0.3&#8243; gradient_direction=&#8221;left_to_right&#8221; shape_divider_position=&#8221;bottom&#8221; bg_image_animation=&#8221;none&#8221;][vc_column column_padding=&#8221;padding-10-percent&#8221; column_padding_tablet=&#8221;inherit&#8221; column_padding_phone=&#8221;inherit&#8221; column_padding_position=&#8221;left-right&#8221; column_element_direction_desktop=&#8221;default&#8221; column_element_spacing=&#8221;default&#8221; desktop_text_alignment=&#8221;default&#8221; tablet_text_alignment=&#8221;default&#8221; phone_text_alignment=&#8221;default&#8221; background_color_opacity=&#8221;1&#8243; background_hover_color_opacity=&#8221;1&#8243; column_backdrop_filter=&#8221;none&#8221; column_shadow=&#8221;none&#8221; column_border_radius=&#8221;none&#8221; column_link_target=&#8221;_self&#8221; column_position=&#8221;default&#8221; gradient_direction=&#8221;left_to_right&#8221; overlay_strength=&#8221;0.3&#8243; width=&#8221;1\/1&#8243; tablet_width_inherit=&#8221;default&#8221; animation_type=&#8221;default&#8221; bg_image_animation=&#8221;none&#8221; border_type=&#8221;simple&#8221; column_border_width=&#8221;none&#8221; column_border_style=&#8221;solid&#8221; column_padding_type=&#8221;default&#8221; gradient_type=&#8221;default&#8221;][divider line_type=&#8221;No Line&#8221; custom_height=&#8221;25&#8243;][vc_column_text css=&#8221;&#8221; text_direction=&#8221;default&#8221;]\n<p class=\"p1\">Niestety niewiele wiadomo o szczeg\u00f3\u0142ach biografii Feliksa i Aldony Paczkowskich. Oboje pochodz\u0105 z rodzin murarskich. Feliks (1930\u20131997) sko\u0144czy\u0142 szko\u0142\u0119 powszechn\u0105 i jedn\u0105 klas\u0119 szko\u0142y zawodowej \u2013 by\u0142 piekarzem. Pracowa\u0142 jako robotnik we W\u0142oc\u0142awskiej Fabryce Maszyn i Urz\u0105dze\u0144 \u201eWis\u0142a\u201d. Bratowa Feliksa \u2013 Aldona (1927\u20131990, z domu Dubacka) uko\u0144czy\u0142a dwie klasy szko\u0142y powszechnej i by\u0142a gospodyni\u0105 domow\u0105. Wi\u0119kszo\u015b\u0107 nades\u0142anych bajek oboje pami\u0119tali z czas\u00f3w dzieci\u0144stwa. Jak wspomina\u0142 Feliks Paczkowski,<\/p>\n[\/vc_column_text][divider line_type=&#8221;No Line&#8221; custom_height=&#8221;25&#8243;][vc_column_text css=&#8221;&#8221; text_direction=&#8221;default&#8221;]\n<p class=\"p1\">opowiadali je wieczorami starsi cz\u0142onkowie rodziny, s\u0105siedzi, znajomi. W\u015br\u00f3d nich by\u0142 wuj J\u00f3zef Zimecki, urodzony w 1887 roku, kt\u00f3ry ch\u0119tnie przypomina\u0142 bajki zas\u0142yszane w m\u0142odo\u015bci, czasem sam wymy\u015bla\u0142 nowe lub ulepsza\u0142 te znane. Zimecki, z zawodu murarz, by\u0142 te\u017c szopkarzem, kol\u0119dowa\u0142 z w\u0142asnor\u0119cznie wykonan\u0105 szopk\u0105 i prezentowa\u0142 widowisko szopkowe swojego autorstwa.<\/p>\n<p class=\"p1\">Paczkowski ch\u0119tnie je\u017adzi\u0142 na ryby poza W\u0142oc\u0142awek. Tam zagadywa\u0142 napotkanych gospodarzy i zach\u0119ca\u0142 do opowiadania znanych im bajek. Robi\u0142 notatki, a wieczorami, w domu zapisywa\u0142 ich tre\u015b\u0107, zapewne dodaj\u0105c wiele od siebie, tak aby bajkowy \u015bwiat by\u0142 jak najpe\u0142niejszy. St\u0105d (podobnie jak w bajkach zapisanych przez Aldon\u0119) liczne w nich opisy dawnych stosunk\u00f3w spo\u0142ecznych (np. okrutnych dziedzic\u00f3w), rodzinnych (np. z\u0142ych macoch i braci), wierze\u0144 (np. w czarownice, strzygi), a tak\u017ce reali\u00f3w codziennego \u017cycia. Bajki Paczkowskich r\u00f3\u017cni\u0142o od tych tradycyjnych wprowadzanie opis\u00f3w \u017cycia wewn\u0119trznego bohater\u00f3w, ich wra\u017ce\u0144 i emocji, stan\u00f3w psychicznych. Mog\u0142o to by\u0107 skutkiem znajomo\u015bci literatury pi\u0119knej i ch\u0119ci wzorowania si\u0119 na niej we w\u0142asnych pracach.<\/p>\n[\/vc_column_text][divider line_type=&#8221;No Line&#8221; custom_height=&#8221;25&#8243;][\/vc_column][\/vc_row][vc_row type=&#8221;in_container&#8221; full_screen_row_position=&#8221;middle&#8221; column_margin=&#8221;default&#8221; column_direction=&#8221;default&#8221; column_direction_tablet=&#8221;default&#8221; column_direction_phone=&#8221;default&#8221; scene_position=&#8221;center&#8221; text_color=&#8221;dark&#8221; text_align=&#8221;left&#8221; row_border_radius=&#8221;none&#8221; row_border_radius_applies=&#8221;bg&#8221; overflow=&#8221;visible&#8221; overlay_strength=&#8221;0.3&#8243; gradient_direction=&#8221;left_to_right&#8221; shape_divider_position=&#8221;bottom&#8221; bg_image_animation=&#8221;none&#8221;][vc_column column_padding=&#8221;padding-10-percent&#8221; column_padding_tablet=&#8221;inherit&#8221; column_padding_phone=&#8221;inherit&#8221; column_padding_position=&#8221;left-right&#8221; column_element_direction_desktop=&#8221;default&#8221; column_element_spacing=&#8221;default&#8221; desktop_text_alignment=&#8221;default&#8221; tablet_text_alignment=&#8221;default&#8221; phone_text_alignment=&#8221;default&#8221; background_color_opacity=&#8221;1&#8243; background_hover_color_opacity=&#8221;1&#8243; column_backdrop_filter=&#8221;none&#8221; column_shadow=&#8221;none&#8221; column_border_radius=&#8221;none&#8221; column_link_target=&#8221;_self&#8221; column_position=&#8221;default&#8221; gradient_direction=&#8221;left_to_right&#8221; overlay_strength=&#8221;0.3&#8243; width=&#8221;1\/1&#8243; tablet_width_inherit=&#8221;default&#8221; animation_type=&#8221;default&#8221; bg_image_animation=&#8221;none&#8221; border_type=&#8221;simple&#8221; column_border_width=&#8221;none&#8221; column_border_style=&#8221;solid&#8221; column_padding_type=&#8221;default&#8221; gradient_type=&#8221;default&#8221;][vc_gallery css=&#8221;&#8221; type=&#8221;nectarslider_style&#8221; images=&#8221;586,585,584&#8243; image_loading=&#8221;default&#8221; ns_image_rendering=&#8221;default&#8221; ns_image_aspect_ratio=&#8221;default&#8221; disable_auto_rotate=&#8221;true&#8221; bullet_navigation_style=&#8221;see_through&#8221; onclick=&#8221;link_image&#8221; img_size=&#8221;550&#215;880&#8243;][\/vc_column][\/vc_row][vc_row type=&#8221;in_container&#8221; full_screen_row_position=&#8221;middle&#8221; column_margin=&#8221;default&#8221; column_direction=&#8221;default&#8221; column_direction_tablet=&#8221;default&#8221; column_direction_phone=&#8221;default&#8221; scene_position=&#8221;center&#8221; text_color=&#8221;dark&#8221; text_align=&#8221;left&#8221; row_border_radius=&#8221;none&#8221; row_border_radius_applies=&#8221;bg&#8221; overflow=&#8221;visible&#8221; overlay_strength=&#8221;0.3&#8243; gradient_direction=&#8221;left_to_right&#8221; shape_divider_position=&#8221;bottom&#8221; bg_image_animation=&#8221;none&#8221;][vc_column column_padding=&#8221;padding-10-percent&#8221; column_padding_tablet=&#8221;inherit&#8221; column_padding_phone=&#8221;inherit&#8221; column_padding_position=&#8221;left-right&#8221; column_element_direction_desktop=&#8221;default&#8221; column_element_spacing=&#8221;default&#8221; desktop_text_alignment=&#8221;default&#8221; tablet_text_alignment=&#8221;default&#8221; phone_text_alignment=&#8221;default&#8221; background_color_opacity=&#8221;1&#8243; background_hover_color_opacity=&#8221;1&#8243; column_backdrop_filter=&#8221;none&#8221; column_shadow=&#8221;none&#8221; column_border_radius=&#8221;none&#8221; column_link_target=&#8221;_self&#8221; column_position=&#8221;default&#8221; gradient_direction=&#8221;left_to_right&#8221; overlay_strength=&#8221;0.3&#8243; width=&#8221;1\/1&#8243; tablet_width_inherit=&#8221;default&#8221; animation_type=&#8221;default&#8221; bg_image_animation=&#8221;none&#8221; border_type=&#8221;simple&#8221; column_border_width=&#8221;none&#8221; column_border_style=&#8221;solid&#8221; column_padding_type=&#8221;default&#8221; gradient_type=&#8221;default&#8221;][divider line_type=&#8221;No Line&#8221; custom_height=&#8221;25&#8243;][vc_column_text css=&#8221;&#8221; text_direction=&#8221;default&#8221;]\n<p class=\"p1\">Ani Feliks, ani Aldona, b\u0119d\u0105c mieszka\u0144cami miasta i wywodz\u0105c si\u0119 ze \u015brodowiska robotniczego, nie u\u017cywali kujawskiej gwary. Pisali polszczyzn\u0105 literack\u0105, wplataj\u0105c gwarowe i \u017cargonowe wyrazy, potoczne powiedzonka, a nawet zwroty z j\u0119zyka urz\u0119dowego. Akcja bajek cz\u0119sto rozgrywa si\u0119 w konkretnym miejscu (np. na Helu, nad Gop\u0142em, nad rzek\u0105 Zg\u0142owi\u0105czk\u0105, na szosie mi\u0119dzy W\u0142oc\u0142awkiem a Wie\u0144cem), przewa\u017cnie w bli\u017cej nieokre\u015blonym czasie (np. bardzo dawno temu albo \u201eza czas\u00f3w takich, co my nie znamy i nie pami\u0119tamy\u201d). Bajki Paczkowskich maj\u0105 szcz\u0119\u015bliwe zako\u0144czenie, czasem z mora\u0142em lub pouczaj\u0105c\u0105 puent\u0105. Feliks, kt\u00f3ry, jak twierdzi\u0142, chcia\u0142 by\u0107 w zgodzie z tradycj\u0105, na ko\u0144cu bajek umieszcza\u0142 czasem \u017cartobliwe formu\u0142ki, np. \u201eDwie dziurki w nosie i sko\u0144czy\u0142o si\u0119\u201d lub przys\u0142owie, np. \u201eGdzie diabe\u0142 nie skusi, tam baba musi\u201d. Aldona pisa\u0142a po prostu \u201eKoniec\u201d albo \u201eKoniec bajki\u201d. W\u015br\u00f3d 60 bajek nades\u0142anych przez Paczkowskich na konkursy dominowa\u0142y bajki magiczne (np. <i>O pewnym dziedzicu, co straszy\u0142<\/i>, <i>Bajka o ptaku, lwie i wielorybie<\/i>, <i>O ubogiej wdowie i jej pi\u0119ciu c\u00f3rkach<\/i>, <i>Bajka o kumotrze sprawiedliwym<\/i>) i nowelistyczne (m.in. <i>O szcz\u0119\u015bliwej godzinie<\/i>, <i>O karle potworze<\/i>, <i>Bajka o bandytach<\/i>).<\/p>\n<p class=\"p1\">Bajki, chocia\u017c zas\u0142yszane na Kujawach, cz\u0119sto pochodzi\u0142y spoza tego regionu. Aldona zna\u0142a niekt\u00f3re od Niemki, u kt\u00f3rej s\u0142u\u017cy\u0142a jako dziecko, albo opowiada\u0142 jej ojciec, a on pozna\u0142 je od znajomego ksi\u0119dza z okolic Bia\u0142egostoku. Informacje te Paczkowscy zamieszczali w nielicznych dopiskach, dzi\u0119ki czemu mo\u017cna prze\u015bledzi\u0107 drog\u0119 przep\u0142ywu opowie\u015bci na Kujawy, co potwierdza tez\u0119 \u2013 dobrze znan\u0105 folklorystom \u2013 o migracyjnym charakterze ludowych bajek.<\/p>\n[\/vc_column_text][vc_row_inner column_margin=&#8221;default&#8221; column_direction=&#8221;default&#8221; column_direction_tablet=&#8221;default&#8221; column_direction_phone=&#8221;default&#8221; text_align=&#8221;left&#8221; row_position=&#8221;default&#8221; row_position_tablet=&#8221;inherit&#8221; row_position_phone=&#8221;inherit&#8221; overflow=&#8221;visible&#8221; pointer_events=&#8221;all&#8221;][vc_column_inner column_padding=&#8221;no-extra-padding&#8221; column_padding_tablet=&#8221;inherit&#8221; column_padding_phone=&#8221;inherit&#8221; column_padding_position=&#8221;all&#8221; column_element_direction_desktop=&#8221;default&#8221; column_element_spacing=&#8221;default&#8221; desktop_text_alignment=&#8221;default&#8221; tablet_text_alignment=&#8221;default&#8221; phone_text_alignment=&#8221;default&#8221; background_color_opacity=&#8221;1&#8243; background_hover_color_opacity=&#8221;1&#8243; column_backdrop_filter=&#8221;none&#8221; column_shadow=&#8221;none&#8221; column_border_radius=&#8221;none&#8221; column_link_target=&#8221;_self&#8221; overflow=&#8221;visible&#8221; gradient_direction=&#8221;left_to_right&#8221; overlay_strength=&#8221;0.3&#8243; width=&#8221;1\/3&#8243; tablet_width_inherit=&#8221;default&#8221; animation_type=&#8221;default&#8221; bg_image_animation=&#8221;none&#8221; border_type=&#8221;simple&#8221; column_border_width=&#8221;none&#8221; column_border_style=&#8221;solid&#8221;][\/vc_column_inner][vc_column_inner column_padding=&#8221;no-extra-padding&#8221; column_padding_tablet=&#8221;inherit&#8221; column_padding_phone=&#8221;inherit&#8221; column_padding_position=&#8221;all&#8221; column_element_direction_desktop=&#8221;default&#8221; column_element_spacing=&#8221;default&#8221; desktop_text_alignment=&#8221;default&#8221; tablet_text_alignment=&#8221;default&#8221; phone_text_alignment=&#8221;default&#8221; background_color_opacity=&#8221;1&#8243; background_hover_color_opacity=&#8221;1&#8243; column_backdrop_filter=&#8221;none&#8221; column_shadow=&#8221;none&#8221; column_border_radius=&#8221;none&#8221; column_link_target=&#8221;_self&#8221; overflow=&#8221;visible&#8221; gradient_direction=&#8221;left_to_right&#8221; overlay_strength=&#8221;0.3&#8243; width=&#8221;1\/3&#8243; tablet_width_inherit=&#8221;default&#8221; animation_type=&#8221;default&#8221; bg_image_animation=&#8221;none&#8221; border_type=&#8221;simple&#8221; column_border_width=&#8221;none&#8221; column_border_style=&#8221;solid&#8221;][divider line_type=&#8221;No Line&#8221; custom_height=&#8221;50&#8243;][image_with_animation image_url=&#8221;683&#8243; image_size=&#8221;full&#8221; max_width=&#8221;110%&#8221; max_width_mobile=&#8221;default&#8221; animation_type=&#8221;entrance&#8221; animation=&#8221;None&#8221; animation_movement_type=&#8221;transform_y&#8221; hover_animation=&#8221;none&#8221; alignment=&#8221;center&#8221; border_radius=&#8221;none&#8221; box_shadow=&#8221;none&#8221; image_loading=&#8221;default&#8221;][divider line_type=&#8221;No Line&#8221; custom_height=&#8221;25&#8243;][\/vc_column_inner][vc_column_inner column_padding=&#8221;no-extra-padding&#8221; column_padding_tablet=&#8221;inherit&#8221; column_padding_phone=&#8221;inherit&#8221; column_padding_position=&#8221;all&#8221; column_element_direction_desktop=&#8221;default&#8221; column_element_spacing=&#8221;default&#8221; desktop_text_alignment=&#8221;default&#8221; tablet_text_alignment=&#8221;default&#8221; phone_text_alignment=&#8221;default&#8221; background_color_opacity=&#8221;1&#8243; background_hover_color_opacity=&#8221;1&#8243; column_backdrop_filter=&#8221;none&#8221; column_shadow=&#8221;none&#8221; column_border_radius=&#8221;none&#8221; column_link_target=&#8221;_self&#8221; overflow=&#8221;visible&#8221; gradient_direction=&#8221;left_to_right&#8221; overlay_strength=&#8221;0.3&#8243; width=&#8221;1\/3&#8243; tablet_width_inherit=&#8221;default&#8221; animation_type=&#8221;default&#8221; bg_image_animation=&#8221;none&#8221; border_type=&#8221;simple&#8221; column_border_width=&#8221;none&#8221; column_border_style=&#8221;solid&#8221;][\/vc_column_inner][\/vc_row_inner][\/vc_column][\/vc_row]\n","protected":false},"excerpt":{"rendered":"<p>[vc_row type=&#8221;full_width_content&#8221; full_screen_row_position=&#8221;middle&#8221; column_margin=&#8221;default&#8221; column_direction=&#8221;default&#8221; column_direction_tablet=&#8221;default&#8221; column_direction_phone=&#8221;default&#8221; bg_image=&#8221;308&#8243; bg_position=&#8221;center center&#8221; background_image_loading=&#8221;default&#8221; bg_repeat=&#8221;no-repeat&#8221; scene_position=&#8221;center&#8221; bottom_padding=&#8221;540&#8243; text_color=&#8221;dark&#8221; text_align=&#8221;left&#8221; row_border_radius=&#8221;none&#8221; row_border_radius_applies=&#8221;bg&#8221; overflow=&#8221;visible&#8221; overlay_strength=&#8221;0.3&#8243; gradient_direction=&#8221;left_to_right&#8221; shape_divider_position=&#8221;bottom&#8221; bg_image_animation=&#8221;none&#8221; gradient_type=&#8221;default&#8221; shape_type=&#8221;&#8221;][vc_column column_padding=&#8221;no-extra-padding&#8221; column_padding_tablet=&#8221;inherit&#8221; column_padding_phone=&#8221;inherit&#8221; column_padding_position=&#8221;all&#8221; column_element_direction_desktop=&#8221;default&#8221;&#8230;<\/p>\n","protected":false},"author":1,"featured_media":0,"parent":0,"menu_order":0,"comment_status":"closed","ping_status":"closed","template":"","meta":{"footnotes":""},"class_list":["post-304","page","type-page","status-publish"],"_links":{"self":[{"href":"http:\/\/bajki.etnomuzeum.pl\/index.php?rest_route=\/wp\/v2\/pages\/304","targetHints":{"allow":["GET"]}}],"collection":[{"href":"http:\/\/bajki.etnomuzeum.pl\/index.php?rest_route=\/wp\/v2\/pages"}],"about":[{"href":"http:\/\/bajki.etnomuzeum.pl\/index.php?rest_route=\/wp\/v2\/types\/page"}],"author":[{"embeddable":true,"href":"http:\/\/bajki.etnomuzeum.pl\/index.php?rest_route=\/wp\/v2\/users\/1"}],"replies":[{"embeddable":true,"href":"http:\/\/bajki.etnomuzeum.pl\/index.php?rest_route=%2Fwp%2Fv2%2Fcomments&post=304"}],"version-history":[{"count":26,"href":"http:\/\/bajki.etnomuzeum.pl\/index.php?rest_route=\/wp\/v2\/pages\/304\/revisions"}],"predecessor-version":[{"id":693,"href":"http:\/\/bajki.etnomuzeum.pl\/index.php?rest_route=\/wp\/v2\/pages\/304\/revisions\/693"}],"wp:attachment":[{"href":"http:\/\/bajki.etnomuzeum.pl\/index.php?rest_route=%2Fwp%2Fv2%2Fmedia&parent=304"}],"curies":[{"name":"wp","href":"https:\/\/api.w.org\/{rel}","templated":true}]}}